{"id":129,"date":"2026-03-17T00:54:11","date_gmt":"2026-03-17T00:54:11","guid":{"rendered":"https:\/\/artistes-paris.net\/?page_id=129"},"modified":"2026-04-13T06:19:09","modified_gmt":"2026-04-13T06:19:09","slug":"historique","status":"publish","type":"page","link":"https:\/\/artistes-paris.net\/index.php\/historique\/","title":{"rendered":"Historique"},"content":{"rendered":"\t\t<div data-elementor-type=\"wp-page\" data-elementor-id=\"129\" class=\"elementor elementor-129\">\n\t\t\t\t<div class=\"elementor-element elementor-element-111b579 e-flex e-con-boxed e-con e-parent\" data-id=\"111b579\" data-element_type=\"container\" data-e-type=\"container\">\n\t\t\t\t\t<div class=\"e-con-inner\">\n\t\t\t\t<div class=\"elementor-element elementor-element-e4fab4b elementor-widget elementor-widget-text-editor\" data-id=\"e4fab4b\" data-element_type=\"widget\" data-e-type=\"widget\" data-widget_type=\"text-editor.default\">\n\t\t\t\t\t\t\t\t\t<p>\u00a0<\/p><p class=\"MsoNormal\" style=\"transition-property: all;\"><span style=\"transition-property: all; font-weight: bold;\"><span style=\"transition-property: all; font-family: 'Segoe UI Emoji', sans-serif;\"><img decoding=\"async\" class=\"emoji\" style=\"transition-property: all;\" role=\"img\" draggable=\"false\" src=\"https:\/\/s.w.org\/images\/core\/emoji\/17.0.2\/svg\/1f3a8.svg\" alt=\"\ud83c\udfa8\" \/><\/span>\u00a0Le Cercle des Artistes de Paris<\/span><\/p><p class=\"MsoNormal\" style=\"transition-property: all;\"><span style=\"transition-property: all; font-weight: bold;\">Une histoire artistique au Parc Floral de Vincennes<\/span><\/p><p class=\"MsoNormal\" style=\"transition-property: all;\"><span style=\"transition-property: all; font-weight: bold;\">\u00a0<\/span><\/p><p class=\"MsoNormal\" style=\"transition-property: all;\"><span style=\"transition-property: all; font-weight: bold;\"><span style=\"transition-property: all; font-family: 'Segoe UI Emoji', sans-serif;\"><img decoding=\"async\" class=\"emoji\" style=\"transition-property: all;\" role=\"img\" draggable=\"false\" src=\"https:\/\/s.w.org\/images\/core\/emoji\/17.0.2\/svg\/1f331.svg\" alt=\"\ud83c\udf31\" \/><\/span>\u00a0Les origines (2002)<\/span><\/p><p class=\"MsoNormal\" style=\"transition-property: all;\">Le\u00a0<span style=\"transition-property: all; font-weight: bold;\">Cercle des Artistes de Paris<\/span>\u00a0est fond\u00e9 en 2002 \u00e0 l\u2019initiative de Antoinette Risser, artiste peintre confirm\u00e9e et passionn\u00e9e d\u2019art.<br style=\"transition-property: all;\" \/>Son ambition est claire :<br style=\"transition-property: all;\" \/><span style=\"transition-property: all; font-family: 'Segoe UI Emoji', sans-serif;\"><img decoding=\"async\" class=\"emoji\" style=\"transition-property: all;\" role=\"img\" draggable=\"false\" src=\"https:\/\/s.w.org\/images\/core\/emoji\/17.0.2\/svg\/1f449.svg\" alt=\"\ud83d\udc49\" \/><\/span>\u00a0rassembler des artistes dans un lieu inspirant<br style=\"transition-property: all;\" \/><span style=\"transition-property: all; font-family: 'Segoe UI Emoji', sans-serif;\"><img decoding=\"async\" class=\"emoji\" style=\"transition-property: all;\" role=\"img\" draggable=\"false\" src=\"https:\/\/s.w.org\/images\/core\/emoji\/17.0.2\/svg\/1f449.svg\" alt=\"\ud83d\udc49\" \/><\/span>\u00a0encourager la cr\u00e9ation artistique<br style=\"transition-property: all;\" \/><span style=\"transition-property: all; font-family: 'Segoe UI Emoji', sans-serif;\"><img decoding=\"async\" class=\"emoji\" style=\"transition-property: all;\" role=\"img\" draggable=\"false\" src=\"https:\/\/s.w.org\/images\/core\/emoji\/17.0.2\/svg\/1f449.svg\" alt=\"\ud83d\udc49\" \/><\/span>\u00a0rendre l\u2019art accessible \u00e0 tous<\/p><p class=\"MsoNormal\" style=\"transition-property: all;\">Le lieu choisi est embl\u00e9matique : le\u00a0<span style=\"transition-property: all; font-weight: bold;\">Parc Floral de Paris<\/span>, et plus pr\u00e9cis\u00e9ment le pavillon 18, affectueusement surnomm\u00e9\u00a0<i style=\"transition-property: all;\">\u00ab pavillon Nymph\u00e9as \u00bb<\/i>.<\/p><div class=\"MsoNormal\" style=\"transition-property: all; text-align: center;\" align=\"center\"><hr style=\"transition-property: all;\" align=\"center\" size=\"2\" width=\"100%\" \/><\/div><p class=\"MsoNormal\" style=\"transition-property: all;\"><span style=\"transition-property: all; font-weight: bold;\"><span style=\"transition-property: all; font-family: 'Segoe UI Emoji', sans-serif;\"><img decoding=\"async\" class=\"emoji\" style=\"transition-property: all;\" role=\"img\" draggable=\"false\" src=\"https:\/\/s.w.org\/images\/core\/emoji\/17.0.2\/svg\/1f338.svg\" alt=\"\ud83c\udf38\" \/><\/span>\u00a0Un lieu unique au service de l\u2019art<\/span><\/p><p class=\"MsoNormal\" style=\"transition-property: all;\">L\u2019exposition s\u2019inscrit dans un cadre exceptionnel :<\/p><ul style=\"transition-property: all; margin-top: 0cm;\" type=\"disc\"><li class=\"MsoNormal\" style=\"transition-property: all;\">une architecture proche d\u2019une serre<\/li><li class=\"MsoNormal\" style=\"transition-property: all;\">une immersion dans une v\u00e9g\u00e9tation luxuriante<\/li><li class=\"MsoNormal\" style=\"transition-property: all;\">une harmonie entre nature et cr\u00e9ation artistique<\/li><\/ul><p class=\"MsoNormal\" style=\"transition-property: all;\">Ce cadre favorise une exp\u00e9rience sensible et apaisante, souvent d\u00e9crite comme\u00a0<i style=\"transition-property: all;\">\u00ab un coin de campagne aux portes de Paris \u00bb<\/i>.<\/p><div class=\"MsoNormal\" style=\"transition-property: all; text-align: center;\" align=\"center\"><hr style=\"transition-property: all;\" align=\"center\" size=\"2\" width=\"100%\" \/><\/div><p class=\"MsoNormal\" style=\"transition-property: all;\"><span style=\"transition-property: all; font-weight: bold;\"><span style=\"transition-property: all; font-family: 'Segoe UI Emoji', sans-serif;\"><img decoding=\"async\" class=\"emoji\" style=\"transition-property: all;\" role=\"img\" draggable=\"false\" src=\"https:\/\/s.w.org\/images\/core\/emoji\/17.0.2\/svg\/1f3a8.svg\" alt=\"\ud83c\udfa8\" \/><\/span>\u00a0Une dynamique artistique en pleine croissance (2002\u20132012)<\/span><\/p><p class=\"MsoNormal\" style=\"transition-property: all;\">Sous la direction artistique d\u2019Antoinette Risser (jusqu\u2019en 2007), l\u2019exposition conna\u00eet un d\u00e9veloppement constant :<\/p><ul style=\"transition-property: all; margin-top: 0cm;\" type=\"disc\"><li class=\"MsoNormal\" style=\"transition-property: all;\">accueil d\u2019artistes vari\u00e9s : peintres, sculpteurs, photographes, graveurs<\/li><li class=\"MsoNormal\" style=\"transition-property: all;\">mise en avant de jeunes talents et d\u2019artistes confirm\u00e9s<\/li><li class=\"MsoNormal\" style=\"transition-property: all;\">forte interaction avec le public<\/li><\/ul><p class=\"MsoNormal\" style=\"transition-property: all;\"><span style=\"transition-property: all; font-family: 'Segoe UI Emoji', sans-serif;\"><img decoding=\"async\" class=\"emoji\" style=\"transition-property: all;\" role=\"img\" draggable=\"false\" src=\"https:\/\/s.w.org\/images\/core\/emoji\/17.0.2\/svg\/1f4c8.svg\" alt=\"\ud83d\udcc8\" \/><\/span>\u00a0Le succ\u00e8s est confirm\u00e9 en 2012 avec :<br style=\"transition-property: all;\" \/><span style=\"transition-property: all; font-family: 'Segoe UI Emoji', sans-serif;\"><img decoding=\"async\" class=\"emoji\" style=\"transition-property: all;\" role=\"img\" draggable=\"false\" src=\"https:\/\/s.w.org\/images\/core\/emoji\/17.0.2\/svg\/1f449.svg\" alt=\"\ud83d\udc49\" \/><\/span>\u00a0<span style=\"transition-property: all; font-weight: bold;\">13 500 visiteurs<\/span><\/p><p class=\"MsoNormal\" style=\"transition-property: all;\">L\u2019exposition devient progressivement un rendez-vous culturel reconnu.<\/p><div class=\"MsoNormal\" style=\"transition-property: all; text-align: center;\" align=\"center\"><hr style=\"transition-property: all;\" align=\"center\" size=\"2\" width=\"100%\" \/><\/div><p class=\"MsoNormal\" style=\"transition-property: all;\"><span style=\"transition-property: all; font-weight: bold;\"><span style=\"transition-property: all; font-family: 'Segoe UI Emoji', sans-serif;\"><img decoding=\"async\" class=\"emoji\" style=\"transition-property: all;\" role=\"img\" draggable=\"false\" src=\"https:\/\/s.w.org\/images\/core\/emoji\/17.0.2\/svg\/1f389.svg\" alt=\"\ud83c\udf89\" \/><\/span>\u00a0Les 10 ans et la consolidation (2013)<\/span><\/p><p class=\"MsoNormal\" style=\"transition-property: all;\">En 2013, apr\u00e8s le succ\u00e8s des 10 ans de l\u2019association :<\/p><ul style=\"transition-property: all; margin-top: 0cm;\" type=\"disc\"><li class=\"MsoNormal\" style=\"transition-property: all;\">la Ville de Paris renouvelle sa confiance<\/li><li class=\"MsoNormal\" style=\"transition-property: all;\">le pavillon Nymph\u00e9as est \u00e0 nouveau attribu\u00e9<\/li><li class=\"MsoNormal\" style=\"transition-property: all;\">l\u2019exposition continue de cro\u00eetre en notori\u00e9t\u00e9<\/li><\/ul><p class=\"MsoNormal\" style=\"transition-property: all;\">Cette p\u00e9riode confirme l\u2019identit\u00e9 du Cercle :<br style=\"transition-property: all;\" \/><span style=\"transition-property: all; font-family: 'Segoe UI Symbol', sans-serif;\"><img decoding=\"async\" class=\"emoji\" style=\"transition-property: all;\" role=\"img\" draggable=\"false\" src=\"https:\/\/s.w.org\/images\/core\/emoji\/17.0.2\/svg\/2714.svg\" alt=\"\u2714\" \/><\/span>\u00a0qualit\u00e9 artistique<br style=\"transition-property: all;\" \/><span style=\"transition-property: all; font-family: 'Segoe UI Symbol', sans-serif;\"><img decoding=\"async\" class=\"emoji\" style=\"transition-property: all;\" role=\"img\" draggable=\"false\" src=\"https:\/\/s.w.org\/images\/core\/emoji\/17.0.2\/svg\/2714.svg\" alt=\"\u2714\" \/><\/span>\u00a0diversit\u00e9 des pratiques<br style=\"transition-property: all;\" \/><span style=\"transition-property: all; font-family: 'Segoe UI Symbol', sans-serif;\"><img decoding=\"async\" class=\"emoji\" style=\"transition-property: all;\" role=\"img\" draggable=\"false\" src=\"https:\/\/s.w.org\/images\/core\/emoji\/17.0.2\/svg\/2714.svg\" alt=\"\u2714\" \/><\/span>\u00a0esprit convivial et accessible<\/p><div class=\"MsoNormal\" style=\"transition-property: all; text-align: center;\" align=\"center\"><hr style=\"transition-property: all;\" align=\"center\" size=\"2\" width=\"100%\" \/><\/div><p class=\"MsoNormal\" style=\"transition-property: all;\"><span style=\"transition-property: all; font-weight: bold;\"><span style=\"transition-property: all; font-family: 'Segoe UI Emoji', sans-serif;\"><img decoding=\"async\" class=\"emoji\" style=\"transition-property: all;\" role=\"img\" draggable=\"false\" src=\"https:\/\/s.w.org\/images\/core\/emoji\/17.0.2\/svg\/1f30d.svg\" alt=\"\ud83c\udf0d\" \/><\/span>\u00a0Une ouverture internationale<\/span><\/p><p class=\"MsoNormal\" style=\"transition-property: all;\">Le Cercle d\u00e9veloppe \u00e9galement une dimension internationale, notamment avec une exposition \u00e0 Shanghai en 2007, marquant sa volont\u00e9 d\u2019exporter l\u2019art fran\u00e7ais.<\/p><div class=\"MsoNormal\" style=\"transition-property: all; text-align: center;\" align=\"center\"><hr style=\"transition-property: all;\" align=\"center\" size=\"2\" width=\"100%\" \/><\/div><p class=\"MsoNormal\" style=\"transition-property: all;\"><span style=\"transition-property: all; font-weight: bold;\"><span style=\"transition-property: all; font-family: 'Segoe UI Emoji', sans-serif;\"><img decoding=\"async\" class=\"emoji\" style=\"transition-property: all;\" role=\"img\" draggable=\"false\" src=\"https:\/\/s.w.org\/images\/core\/emoji\/17.0.2\/svg\/1f469-200d-1f3a8.svg\" alt=\"\ud83d\udc69\u200d\ud83c\udfa8\" \/><\/span>\u00a0Une nouvelle impulsion<\/span><\/p><p class=\"MsoNormal\" style=\"transition-property: all;\">Aujourd\u2019hui, la direction artistique est assur\u00e9e par Emmanuel Risser, fils de la fondatrice, donne une nouvelle impulsion. Il poursuit le d\u00e9veloppement de l\u2019association et est le garant de la continuit\u00e9 et du renouvellement de celle-ci.<\/p><div class=\"MsoNormal\" style=\"transition-property: all; text-align: center;\" align=\"center\"><hr style=\"transition-property: all;\" align=\"center\" size=\"2\" width=\"100%\" \/><\/div><p class=\"MsoNormal\" style=\"transition-property: all;\"><span style=\"transition-property: all; font-weight: bold;\"><span style=\"transition-property: all; font-family: 'Segoe UI Emoji', sans-serif;\"><img decoding=\"async\" class=\"emoji\" style=\"transition-property: all;\" role=\"img\" draggable=\"false\" src=\"https:\/\/s.w.org\/images\/core\/emoji\/17.0.2\/svg\/1f5bc.svg\" alt=\"\ud83d\uddbc\ufe0f\" \/><\/span>\u00a0Un \u00e9v\u00e9nement culturel majeur aujourd\u2019hui<\/span><\/p><p class=\"MsoNormal\" style=\"transition-property: all;\">L\u2019exposition est devenue un rendez-vous incontournable de la sc\u00e8ne artistique parisienne :<\/p><p class=\"MsoNormal\" style=\"transition-property: all;\"><span style=\"transition-property: all; font-family: 'Segoe UI Emoji', sans-serif;\"><img decoding=\"async\" class=\"emoji\" style=\"transition-property: all;\" role=\"img\" draggable=\"false\" src=\"https:\/\/s.w.org\/images\/core\/emoji\/17.0.2\/svg\/1f4ca.svg\" alt=\"\ud83d\udcca\" \/><\/span>\u00a0<span style=\"transition-property: all; font-weight: bold;\">Chiffres r\u00e9cents (2025)<\/span><\/p><ul style=\"transition-property: all; margin-top: 0cm;\" type=\"disc\"><li class=\"MsoNormal\" style=\"transition-property: all;\">130 artistes exposants<br style=\"transition-property: all;\" \/><ul style=\"transition-property: all; margin-top: 0cm;\" type=\"circle\"><li class=\"MsoNormal\" style=\"transition-property: all;\">76 peintres<\/li><li class=\"MsoNormal\" style=\"transition-property: all;\">24 photographes<\/li><li class=\"MsoNormal\" style=\"transition-property: all;\">30 sculpteurs<\/li><\/ul><\/li><li class=\"MsoNormal\" style=\"transition-property: all;\">plus de\u00a0<span style=\"transition-property: all; font-weight: bold;\">500 \u0153uvres<\/span><\/li><li class=\"MsoNormal\" style=\"transition-property: all;\">plus de <span style=\"transition-property: all; font-weight: bold;\">10 000 visiteurs<\/span><\/li><\/ul><p class=\"MsoNormal\" style=\"transition-property: all;\"><span style=\"transition-property: all; font-family: 'Segoe UI Emoji', sans-serif;\"><img decoding=\"async\" class=\"emoji\" style=\"transition-property: all;\" role=\"img\" draggable=\"false\" src=\"https:\/\/s.w.org\/images\/core\/emoji\/17.0.2\/svg\/1f449.svg\" alt=\"\ud83d\udc49\" \/><\/span>\u00a0L\u2019\u00e9v\u00e9nement reste fid\u00e8le \u00e0 ses valeurs :<\/p><ul style=\"transition-property: all; margin-top: 0cm;\" type=\"disc\"><li class=\"MsoNormal\" style=\"transition-property: all;\">gratuit\u00e9<\/li><li class=\"MsoNormal\" style=\"transition-property: all;\">accessibilit\u00e9<\/li><li class=\"MsoNormal\" style=\"transition-property: all;\">diversit\u00e9 artistique<\/li><\/ul><div class=\"MsoNormal\" style=\"transition-property: all; text-align: center;\" align=\"center\"><hr style=\"transition-property: all;\" align=\"center\" size=\"2\" width=\"100%\" \/><\/div><p class=\"MsoNormal\" style=\"transition-property: all;\"><span style=\"transition-property: all; font-weight: bold;\"><span style=\"transition-property: all; font-family: 'Segoe UI Emoji', sans-serif;\"><img decoding=\"async\" class=\"emoji\" style=\"transition-property: all;\" role=\"img\" draggable=\"false\" src=\"https:\/\/s.w.org\/images\/core\/emoji\/17.0.2\/svg\/1f33c.svg\" alt=\"\ud83c\udf3c\" \/><\/span>\u00a0Une exposition ancr\u00e9e dans le temps<\/span><\/p><p class=\"MsoNormal\" style=\"transition-property: all;\">Traditionnellement organis\u00e9e en mai au Parc Floral, l\u2019exposition continue de s\u00e9duire :<\/p><p class=\"MsoNormal\" style=\"transition-property: all;\"><span style=\"transition-property: all; font-family: 'Segoe UI Emoji', sans-serif;\"><img decoding=\"async\" class=\"emoji\" style=\"transition-property: all;\" role=\"img\" draggable=\"false\" src=\"https:\/\/s.w.org\/images\/core\/emoji\/17.0.2\/svg\/1f4c5.svg\" alt=\"\ud83d\udcc5\" \/><\/span>\u00a0<span style=\"transition-property: all; font-weight: bold;\">Prochaine \u00e9dition 2026<\/span><\/p><ul style=\"transition-property: all; margin-top: 0cm;\" type=\"disc\"><li class=\"MsoNormal\" style=\"transition-property: all;\">du 4 mai au 31 mai<\/li><li class=\"MsoNormal\" style=\"transition-property: all;\">installation du 28 avril au 3 mai<\/li><\/ul><div class=\"MsoNormal\" style=\"transition-property: all; text-align: center;\" align=\"center\"><hr style=\"transition-property: all;\" align=\"center\" size=\"2\" width=\"100%\" \/><\/div><p class=\"MsoNormal\" style=\"transition-property: all;\"><span style=\"transition-property: all; font-weight: bold;\"><span style=\"transition-property: all; font-family: 'Segoe UI Emoji', sans-serif;\"><img decoding=\"async\" class=\"emoji\" style=\"transition-property: all;\" role=\"img\" draggable=\"false\" src=\"https:\/\/s.w.org\/images\/core\/emoji\/17.0.2\/svg\/2728.svg\" alt=\"\u2728\" \/><\/span>\u00a0Une p\u00e9pini\u00e8re de talents<\/span><\/p><p class=\"MsoNormal\" style=\"transition-property: all;\">Au fil des ann\u00e9es, l\u2019exposition a r\u00e9v\u00e9l\u00e9 de nombreux artistes, dont :<\/p><ul style=\"transition-property: all; margin-top: 0cm;\" type=\"disc\"><li class=\"MsoNormal\" style=\"transition-property: all;\">Tony Souli\u00e9<\/li><li class=\"MsoNormal\" style=\"transition-property: all;\">Christian Broutin<\/li><li class=\"MsoNormal\" style=\"transition-property: all;\">Jacques Jubert<\/li><li class=\"MsoNormal\" style=\"transition-property: all;\">Rapha\u00eble Goineau<\/li><li class=\"MsoNormal\" style=\"transition-property: all;\">Guy Geymann<\/li><\/ul><div class=\"MsoNormal\" style=\"transition-property: all; text-align: center;\" align=\"center\"><hr style=\"transition-property: all;\" align=\"center\" size=\"2\" width=\"100%\" \/><\/div><p class=\"MsoNormal\" style=\"transition-property: all;\"><span style=\"transition-property: all; font-weight: bold;\"><span style=\"transition-property: all; font-family: 'Segoe UI Emoji', sans-serif;\"><img decoding=\"async\" class=\"emoji\" style=\"transition-property: all;\" role=\"img\" draggable=\"false\" src=\"https:\/\/s.w.org\/images\/core\/emoji\/17.0.2\/svg\/1f9ed.svg\" alt=\"\ud83e\udded\" \/><\/span>\u00a0Conclusion<\/span><\/p><p class=\"MsoNormal\" style=\"transition-property: all;\">Depuis plus de 20 ans, le Cercle des Artistes de Paris incarne :<br style=\"transition-property: all;\" \/><span style=\"transition-property: all; font-family: 'Segoe UI Emoji', sans-serif;\"><img decoding=\"async\" class=\"emoji\" style=\"transition-property: all;\" role=\"img\" draggable=\"false\" src=\"https:\/\/s.w.org\/images\/core\/emoji\/17.0.2\/svg\/1f3a8.svg\" alt=\"\ud83c\udfa8\" \/><\/span>\u00a0une rencontre entre nature et cr\u00e9ation<br style=\"transition-property: all;\" \/><span style=\"transition-property: all; font-family: 'Segoe UI Emoji', sans-serif;\"><img decoding=\"async\" class=\"emoji\" style=\"transition-property: all;\" role=\"img\" draggable=\"false\" src=\"https:\/\/s.w.org\/images\/core\/emoji\/17.0.2\/svg\/1f91d.svg\" alt=\"\ud83e\udd1d\" \/><\/span>\u00a0un espace d\u2019\u00e9change entre artistes et public<br style=\"transition-property: all;\" \/><span style=\"transition-property: all; font-family: 'Segoe UI Emoji', sans-serif;\"><img decoding=\"async\" class=\"emoji\" style=\"transition-property: all;\" role=\"img\" draggable=\"false\" src=\"https:\/\/s.w.org\/images\/core\/emoji\/17.0.2\/svg\/1f30d.svg\" alt=\"\ud83c\udf0d\" \/><\/span>\u00a0une vitrine de l\u2019art contemporain accessible<\/p><p class=\"MsoNormal\" style=\"transition-property: all;\"><span style=\"transition-property: all; font-family: 'Segoe UI Emoji', sans-serif;\"><img decoding=\"async\" class=\"emoji\" style=\"transition-property: all;\" role=\"img\" draggable=\"false\" src=\"https:\/\/s.w.org\/images\/core\/emoji\/17.0.2\/svg\/1f449.svg\" alt=\"\ud83d\udc49\" \/><\/span>\u00a0Une exposition qui s\u2019impose aujourd\u2019hui comme\u00a0<span style=\"transition-property: all; font-weight: bold;\">un \u00e9v\u00e9nement culturel majeur du printemps parisien<\/span>.<\/p>\t\t\t\t\t\t\t\t<\/div>\n\t\t\t\t\t<\/div>\n\t\t\t\t<\/div>\n\t\t\t\t<\/div>\n\t\t","protected":false},"excerpt":{"rendered":"<p>\u00a0 \u00a0Le Cercle des Artistes de Paris Une histoire artistique au Parc Floral de Vincennes \u00a0 \u00a0Les origines (2002) Le\u00a0Cercle des Artistes de Paris\u00a0est fond\u00e9 en 2002 \u00e0 l\u2019initiative de Antoinette Risser, artiste peintre confirm\u00e9e et passionn\u00e9e d\u2019art.Son ambition est claire :\u00a0rassembler des artistes dans un lieu inspirant\u00a0encourager la cr\u00e9ation artistique\u00a0rendre l\u2019art accessible \u00e0 tous [&hellip;]<\/p>\n","protected":false},"author":1,"featured_media":0,"parent":0,"menu_order":0,"comment_status":"closed","ping_status":"closed","template":"","meta":{"footnotes":""},"class_list":["post-129","page","type-page","status-publish","hentry"],"_links":{"self":[{"href":"https:\/\/artistes-paris.net\/index.php\/wp-json\/wp\/v2\/pages\/129","targetHints":{"allow":["GET"]}}],"collection":[{"href":"https:\/\/artistes-paris.net\/index.php\/wp-json\/wp\/v2\/pages"}],"about":[{"href":"https:\/\/artistes-paris.net\/index.php\/wp-json\/wp\/v2\/types\/page"}],"author":[{"embeddable":true,"href":"https:\/\/artistes-paris.net\/index.php\/wp-json\/wp\/v2\/users\/1"}],"replies":[{"embeddable":true,"href":"https:\/\/artistes-paris.net\/index.php\/wp-json\/wp\/v2\/comments?post=129"}],"version-history":[{"count":7,"href":"https:\/\/artistes-paris.net\/index.php\/wp-json\/wp\/v2\/pages\/129\/revisions"}],"predecessor-version":[{"id":155,"href":"https:\/\/artistes-paris.net\/index.php\/wp-json\/wp\/v2\/pages\/129\/revisions\/155"}],"wp:attachment":[{"href":"https:\/\/artistes-paris.net\/index.php\/wp-json\/wp\/v2\/media?parent=129"}],"curies":[{"name":"wp","href":"https:\/\/api.w.org\/{rel}","templated":true}]}}