{"id":2,"date":"2025-01-08T11:06:03","date_gmt":"2025-01-08T11:06:03","guid":{"rendered":"https:\/\/artistes-paris.net\/wordpress\/?page_id=2"},"modified":"2026-03-16T23:02:59","modified_gmt":"2026-03-16T23:02:59","slug":"sample-page","status":"publish","type":"page","link":"https:\/\/artistes-paris.net\/index.php\/sample-page\/","title":{"rendered":"Infos Pratiques"},"content":{"rendered":"\n<p><strong>Le Salon du Cercle des Artistes de Paris se tient au coeur du Parc Floral de Paris &#8211; Vincennes<\/strong><br>\ud83d\udccd <strong>Pavillon 18 \u2013 Parc Floral de Paris<\/strong><br>(Bois de Vincennes \u2013 Paris 12e, Entr\u00e9e Nymph\u00e9as, route de la Pyramide)<\/p>\n\n\n\n<p><br>\ud83d\ude87 <strong>M\u00e9tro : Ch\u00e2teau de Vincennes<\/strong> \u2013 Bus : <strong>201<\/strong> ou <strong>112<\/strong><\/p>\n\n\n\n<p>Du lun. au ven.: 14h-19h, week-end et jours f\u00e9ri\u00e9s 10h30-19h<\/p>\n\n\n\n<p><\/p>\n\n\n\n<p>\ud83c\udf9f <strong>Entr\u00e9e libre<\/strong> \u2013 Une occasion unique de d\u00e9couvrir, \u00e9changer et peut-\u00eatre trouver des \u0153uvres \u00ab\u00a0coup de c\u0153ur\u00a0\u00bb\u00a0!<\/p>\n\n\n\n<p><br>(Entr\u00e9e du Parc Floral de Vincennes \u2013 <strong>Plein tarif : 2,70\u20ac<\/strong> &#8211; <strong>Tarif r\u00e9duit : 1,55\u20ac<\/strong>)<\/p>\n\n\n\n<p><\/p>\n\n\n\n<figure class=\"wp-block-image size-large\"><img fetchpriority=\"high\" decoding=\"async\" width=\"1024\" height=\"683\" src=\"https:\/\/artistes-paris.net\/wordpress\/wp-content\/uploads\/2026\/03\/Site-en-refection-2-1024x683.jpg\" alt=\"\" class=\"wp-image-73\" srcset=\"https:\/\/artistes-paris.net\/wordpress\/wp-content\/uploads\/2026\/03\/Site-en-refection-2-1024x683.jpg 1024w, https:\/\/artistes-paris.net\/wordpress\/wp-content\/uploads\/2026\/03\/Site-en-refection-2-300x200.jpg 300w, https:\/\/artistes-paris.net\/wordpress\/wp-content\/uploads\/2026\/03\/Site-en-refection-2-768x512.jpg 768w, https:\/\/artistes-paris.net\/wordpress\/wp-content\/uploads\/2026\/03\/Site-en-refection-2.jpg 1536w\" sizes=\"(max-width: 1024px) 100vw, 1024px\" \/><\/figure>\n","protected":false},"excerpt":{"rendered":"<p>Le Salon du Cercle des Artistes de Paris se tient au coeur du Parc Floral de Paris &#8211; Vincennes\ud83d\udccd Pavillon 18 \u2013 Parc Floral de Paris(Bois de Vincennes \u2013 Paris 12e, Entr\u00e9e Nymph\u00e9as, route de la Pyramide) \ud83d\ude87 M\u00e9tro : Ch\u00e2teau de Vincennes \u2013 Bus : 201 ou 112 Du lun. au ven.: 14h-19h, week-end [&hellip;]<\/p>\n","protected":false},"author":1,"featured_media":0,"parent":0,"menu_order":0,"comment_status":"closed","ping_status":"open","template":"","meta":{"footnotes":""},"class_list":["post-2","page","type-page","status-publish","hentry"],"_links":{"self":[{"href":"https:\/\/artistes-paris.net\/index.php\/wp-json\/wp\/v2\/pages\/2","targetHints":{"allow":["GET"]}}],"collection":[{"href":"https:\/\/artistes-paris.net\/index.php\/wp-json\/wp\/v2\/pages"}],"about":[{"href":"https:\/\/artistes-paris.net\/index.php\/wp-json\/wp\/v2\/types\/page"}],"author":[{"embeddable":true,"href":"https:\/\/artistes-paris.net\/index.php\/wp-json\/wp\/v2\/users\/1"}],"replies":[{"embeddable":true,"href":"https:\/\/artistes-paris.net\/index.php\/wp-json\/wp\/v2\/comments?post=2"}],"version-history":[{"count":4,"href":"https:\/\/artistes-paris.net\/index.php\/wp-json\/wp\/v2\/pages\/2\/revisions"}],"predecessor-version":[{"id":76,"href":"https:\/\/artistes-paris.net\/index.php\/wp-json\/wp\/v2\/pages\/2\/revisions\/76"}],"wp:attachment":[{"href":"https:\/\/artistes-paris.net\/index.php\/wp-json\/wp\/v2\/media?parent=2"}],"curies":[{"name":"wp","href":"https:\/\/api.w.org\/{rel}","templated":true}]}}