{"id":82,"date":"2026-03-16T23:29:54","date_gmt":"2026-03-16T23:29:54","guid":{"rendered":"https:\/\/artistes-paris.net\/?page_id=82"},"modified":"2026-03-16T23:32:34","modified_gmt":"2026-03-16T23:32:34","slug":"reglement-du-salon","status":"publish","type":"page","link":"https:\/\/artistes-paris.net\/index.php\/reglement-du-salon\/","title":{"rendered":"R\u00e8glement du Salon"},"content":{"rendered":"\n<div class=\"guten-element gutenverse-text-editor guten-RXhn9f\"><div class=\"text-content-inner\">\n<p><strong>R\u00e8glement du Salon du Cercle des Artistes de Paris<br>Par Floral Edition 2026<\/strong><br><\/p>\n\n\n\n<p>Le Salon se tiendra au Pavillon 18 du Parc Floral de Paris, Bois de Vincennes<br>75012 PARIS, <strong>du 4 mai au 31 mai 2026 inclus<\/strong>, du lundi au vendredi de 14h00<br>\u00e0 19h00 et les week-ends et jours f\u00e9ri\u00e9s de 10h30 \u00e0 19h00 ; ouvert \u00e0 tous les<br>artistes, sans droit d\u2019adh\u00e9sion au Cercle des Artistes de Paris (C.A.P.), seul un<br>droit de participation aux frais engag\u00e9s est exig\u00e9. Le dernier jour d\u2019exposition,<br>nous fermerons exceptionnellement les portes \u00e0 18h00.<br>Le Salon accueille les oeuvres relevant des moyens d\u2019expression de la<br>peinture, sculpture, dessin, gravure, photographie, etc.<br><\/p>\n\n\n\n<p>ESPACE D\u2019EXPOSITION :<br>Art. 1. Nous essayons d\u2019allouer \u00e0 chaque artiste peintre ou photographe, 2<br>espaces d\u2019exposition et pour les sculpteurs, 3 espaces d\u2019exposition.<br>Cependant, selon la d\u00e9cision du comit\u00e9 de s\u00e9lection et la taille des<br>oeuvres s\u00e9lectionn\u00e9es, cet espace pourra \u00eatre r\u00e9duit ou augment\u00e9.<br>L\u2019espace d\u2019exposition correspond, pour les oeuvres accroch\u00e9es, \u00e0 un<br>panneau de 1m sur une hauteur de 2,5 m (laisser 0,70m en bas du<br>panneau) et pour les oeuvres pos\u00e9es au sol ou sur un socle \u00e0 un carr\u00e9<br>de 80cm par 80cm. Les sculpteurs doivent pr\u00e9voir des socles blancs et<br>un syst\u00e8me de fixation des oeuvres sur ceux-ci. Pour les petites<br>sculptures de moins de 15cm, nous pouvons les placer dans une<br>vitrine, compter alors un espace d\u2019exposition.<br>Pour les oeuvres accroch\u00e9es, celles-ci devront avoir un syst\u00e8me<br>d\u2019accrochage appropri\u00e9 et robuste, il y a de fortes variations<br>thermiques dans la salle (pas de fixation autocollante).<br>Les oeuvres devront porter imp\u00e9rativement une \u00e9tiquette au dos<br>indiquant le titre de l\u2019oeuvre et le nom de l\u2019auteur.<br>Toute oeuvre mal ou non identifi\u00e9e sera refus\u00e9e.<br><\/p>\n\n\n\n<p>DROIT DE PARTICIPATION AUX FRAIS :<br>Art. 2. Les droits d\u2019exposition sont selon l\u2019espace d\u2019exposition allou\u00e9 de :<br>3 espaces 2 espaces 1 espace<br>Adulte 290 \u20ac 250\u20ac 210\u20ac<br>\u00c9tudiant\/-25ans 190\u20ac 150\u20ac 110\u20ac<br><\/p>\n\n\n\n<p>INSCRIPTION :<br>Art. 3. Vous pouvez effectuer votre demande d\u2019inscription sur notre site<br>internet, de pr\u00e9f\u00e9rence, ou par mail. Seuls les dossiers complets seront<br>retenus par le jury de s\u00e9lection qui d\u00e9cidera de l\u2019admission et de<br>l\u2019emplacement dont vous disposerez ou du refus de votre candidature.<br>Si vous ne pouvez pas envoyer votre dossier par ces moyens, nous<br>accepterons les dossiers envoy\u00e9s par courrier.<br>Un dossier complet devra comprendre :<br>l Le formulaire de renseignements d\u00fbment rempli. Vous pouvez soit<br>remplir le formulaire directement en ligne sur notre site internet, soit le<br>r\u00e9cup\u00e9rer sur le site, le remplir et nous l\u2019envoyer par mail.<br>l Les photos de chaque oeuvre pr\u00e9vue pour l\u2019exposition, celles-ci<br>devront \u00eatre de bonne qualit\u00e9, les formats num\u00e9riques fournis sur notre<br>site internet ou envoy\u00e9s \u00e0 notre adresse mail devront \u00eatre en JPEG ou<br>en GIF, d\u2019une r\u00e9solution de 300 dpi et d\u2019une taille inf\u00e9rieure sur toutes<br>les dimensions \u00e0 20 cm.<br>l Un ch\u00e8que du montant de la participation, soit 250\u20ac pour les peintres<br>et photographes, soit 290\u20ac pour les sculpteurs et libell\u00e9 \u00e0 l\u2019ordre du<br>CERCLE DES ARTISTES DE PARIS. Nous nous engageons \u00e0 vous<br>rembourser \u00e0 la fin de l\u2019exposition, le trop-per\u00e7u \u00e9ventuel pour le<br>m\u00e9trage.<br>Le dossier complet doit nous parvenir imp\u00e9rativement avant le<br>31 janvier 2026.<br><\/p>\n\n\n\n<p>PERMANENCES :<br>Art. 4. Nous invitons les artistes \u00e0 \u00eatre pr\u00e9sents le plus souvent possible<br>sur le Salon.<br>Vous pouvez vous inscrire \u00e0 des permanences sur une journ\u00e9e<br>d\u2019exposition, afin de participer \u00e0 l\u2019accueil, la surveillance et la convivialit\u00e9<br>du Salon.<br>Nous vous rappelons que ce Salon est une exposition collective, les<br>artistes pr\u00e9sents lors de ces journ\u00e9es devront s\u2019int\u00e9resser \u00e0 l\u2019ensemble<br>des artistes et oeuvres expos\u00e9es, et participer activement \u00e0 la vie<br>associative du Salon.<br>Les personnes assurant les permanences auront \u00e0 leur disposition le<br>document interne d\u2019estimation des oeuvres, afin de renseigner le public.<br>Les catalogues imprim\u00e9s du Salon comportant les coordonn\u00e9es des<br>artistes seront remis gracieusement aux visiteurs int\u00e9ress\u00e9s. Des<br>exemplaires seront offerts aux artistes.<br><\/p>\n\n\n\n<p>VENTE DES OEUVRES :<br>Art.5. Compte-tenu de notre partenariat avec la Mairie de Paris, notre<br>association ne peut vendre directement et\/ou pr\u00e9lever une commission<br>sur les ventes. Nous mettons uniquement en relation les personnes<br>int\u00e9ress\u00e9es par une acquisition avec l\u2019artiste concern\u00e9. Celle-ci devra<br>\u00eatre effectu\u00e9e \u00e0 la fin de l\u2019exposition.<br>Si cela n\u2019\u00e9tait vraiment pas possible et que l\u2019artiste souhaite remettre<br>l\u2019oeuvre avant la fin du Salon, nous pourrions faire exception et utiliser<br>un terminal de paiement permettant de lui r\u00e9gler la somme par CB ; lors<br>de la transaction, une commission de 2% sera dans ce cas pr\u00e9lev\u00e9e.<br><\/p>\n\n\n\n<p>ORIGINALITE ET RESPECT DU DROIT D\u2019AUTEUR :<br>Art. 6. Les oeuvres pr\u00e9sent\u00e9es doivent \u00eatre enti\u00e8rement originales et ne pas<br>reproduire ou utiliser des sujets, images, personnages, marques ou<br>\u00e9l\u00e9ments prot\u00e9g\u00e9s par des droits d\u2019auteur, sauf si l\u2019artiste dispose des<br>autorisations \u00e9crites n\u00e9cessaires. Toute oeuvre ne respectant pas ces<br>conditions ne pourra \u00eatre retenue pour l\u2019exposition.<br>L\u2019association se d\u00e9gage de toute responsabilit\u00e9 concernant les<br>\u00e9ventuels risques, r\u00e9clamations ou litiges li\u00e9s \u00e0 la violation du droit<br>d\u2019auteur ou de tout autre droit de propri\u00e9t\u00e9 intellectuelle ; ceux-ci<br>rel\u00e8vent uniquement de la responsabilit\u00e9 de l\u2019artiste.<br><\/p>\n\n\n\n<p>DEPOT DES OEUVRES :<br>Art.7. Le d\u00e9p\u00f4t des oeuvres se fera sur le lieu d\u2019exposition, au Pavillon 18 du<br>Parc Floral de Paris, le jeudi 30 avril 2026 de 7h30 \u00e0 14H00 pour les<br>peintres et photographes et le vendredi 1er mai 2026 pour les<br>sculpteurs, de 7h30 \u00e0 14H00. Le d\u00e9p\u00f4t des oeuvres n\u00e9cessitant un<br>v\u00e9hicule jusqu\u2019au Pavillon 18 est possible de 7H30 \u00e0 9H00.<br>SEULEMENT, \u00e0 9H15, aucun v\u00e9hicule ne devra \u00eatre pr\u00e9sent dans le<br>parc. Cet horaire est \u00e0 respecter imp\u00e9rativement en raison de<br>l\u2019interdiction de circuler pendant l\u2019ouverture du parc au public. Les<br>oeuvres non d\u00e9pos\u00e9es aux dates indiqu\u00e9es ne seront plus accept\u00e9es et<br>le montant de la participation ne sera pas rembours\u00e9. \u00c9ventuellement,<br>si vous \u00eates dans l\u2019impossibilit\u00e9 de respecter ces dates, il convient de<br>contacter M. RISSER.<br><\/p>\n\n\n\n<p>VERNISSAGE :<br>Art.8. Le vernissage est pr\u00e9vu, sous r\u00e9serve, le lundi 4 mai 2026 de 18<br>heures jusqu\u2019\u00e0 21 heures. Chaque artiste recevra par courrier 10<br>invitations pour le vernissage.<br><\/p>\n\n\n\n<p>CESSION DE DROITS &#8211; COMMUNICATION :<br>Art.9. L\u2019artiste autorise l\u2019organisateur, \u00e0 titre gratuit et non exclusif, \u00e0 diffuser<br>ses informations personnelles et les photos de ses oeuvres pr\u00e9sent\u00e9es<br>pour la communication et la promotion de l\u2019exposition (catalogue, site,<br>r\u00e9seaux sociaux), selon les choix qu\u2019il aura formul\u00e9s dans la fiche de<br>renseignements.<br>Les donn\u00e9es ne seront ni c\u00e9d\u00e9es ni partag\u00e9es avec des tiers, sauf<br>obligation l\u00e9gale.<br><\/p>\n\n\n\n<p>RESPONSABILITES :<br>Art.10.Toutes mesures propres \u00e0 assurer la surveillance du Salon seront<br>prises, avec votre aimable pr\u00e9sence aux permanences. La Direction des<br>Espaces Verts et de l\u2019Environnement DEVE, de la Mairie de Paris et le<br>Cercle des Artistes de Paris ne pourront r\u00e9pondre en aucune fa\u00e7on des<br>dommages que pourraient subir les oeuvres expos\u00e9es, et d\u00e9clinent<br>toute responsabilit\u00e9 en cas de vol, perte, incendie, d\u00e9t\u00e9rioration. Une<br>assurance est prise au sein du C.A.P. pour certains incidents ou<br>accidents sur les personnes ou les oeuvres. Le Pavillon 18 et le Parc<br>Floral de Paris sont ferm\u00e9s la nuit et sous surveillance de nuit comme<br>de jour. Les artistes veilleront, s\u2019ils le d\u00e9sirent, \u00e0 assurer<br>personnellement leurs oeuvres et s\u2019engagent \u00e0 renoncer \u00e0 tout recours<br>contre la Mairie de Paris, la DEVE, le Parc Floral de Paris et le CAP. En<br>cas de vente, nous vous conseillons de r\u00e9gulariser votre situation et<br>vous d\u00e9clarer aupr\u00e8s de l\u2019URSSAF. Vous pouvez prendre tous les<br>renseignements sur le site de www.cfe.urssaf.fr, afin d\u2019effectuer cette<br>d\u00e9marche.<br><\/p>\n\n\n\n<p>RETRAIT DES OEUVRES :<br>Art.11.Les oeuvres seront retir\u00e9es le lundi 1er juin 2026 de 7h30 \u00e0 14h00.<br>En cas de difficult\u00e9, prendre contact avec M. Risser.<br>Les oeuvres non retir\u00e9es seront entrepos\u00e9es. Le transport et le<br>gardiennage en seront assur\u00e9s, au frais de l\u2019exposant. Apr\u00e8s un d\u00e9lai<br>de 3 mois, les oeuvres non retir\u00e9es demeureront acquises au CAP par<br>le fait m\u00eame de leur inscription.<br><\/p>\n\n\n\n<p><strong>Les participants s\u2019engagent \u00e0 accepter et \u00e0 respecter le pr\u00e9sent<br>r\u00e8glement.<\/strong><\/p>\n<\/div><\/div>\n\n\n\n<p><\/p>\n","protected":false},"excerpt":{"rendered":"","protected":false},"author":1,"featured_media":0,"parent":0,"menu_order":0,"comment_status":"closed","ping_status":"closed","template":"","meta":{"footnotes":""},"class_list":["post-82","page","type-page","status-publish","hentry"],"_links":{"self":[{"href":"https:\/\/artistes-paris.net\/index.php\/wp-json\/wp\/v2\/pages\/82","targetHints":{"allow":["GET"]}}],"collection":[{"href":"https:\/\/artistes-paris.net\/index.php\/wp-json\/wp\/v2\/pages"}],"about":[{"href":"https:\/\/artistes-paris.net\/index.php\/wp-json\/wp\/v2\/types\/page"}],"author":[{"embeddable":true,"href":"https:\/\/artistes-paris.net\/index.php\/wp-json\/wp\/v2\/users\/1"}],"replies":[{"embeddable":true,"href":"https:\/\/artistes-paris.net\/index.php\/wp-json\/wp\/v2\/comments?post=82"}],"version-history":[{"count":3,"href":"https:\/\/artistes-paris.net\/index.php\/wp-json\/wp\/v2\/pages\/82\/revisions"}],"predecessor-version":[{"id":85,"href":"https:\/\/artistes-paris.net\/index.php\/wp-json\/wp\/v2\/pages\/82\/revisions\/85"}],"wp:attachment":[{"href":"https:\/\/artistes-paris.net\/index.php\/wp-json\/wp\/v2\/media?parent=82"}],"curies":[{"name":"wp","href":"https:\/\/api.w.org\/{rel}","templated":true}]}}